{"id":5222,"date":"2025-05-29T11:39:37","date_gmt":"2025-05-29T14:39:37","guid":{"rendered":"https:\/\/cephas.org.br\/?page_id=5222"},"modified":"2025-06-03T14:40:51","modified_gmt":"2025-06-03T17:40:51","slug":"institucional","status":"publish","type":"page","link":"https:\/\/cephas.org.br\/index.php\/institucional\/","title":{"rendered":"CEPHAS 25 ANOS"},"content":{"rendered":"\t\t<div data-elementor-type=\"wp-page\" data-elementor-id=\"5222\" class=\"elementor elementor-5222\">\n\t\t\t\t\t\t<section class=\"elementor-section elementor-top-section elementor-element elementor-element-6a38ead8 elementor-section-boxed elementor-section-height-default elementor-section-height-default\" data-id=\"6a38ead8\" data-element_type=\"section\">\n\t\t\t\t\t\t<div class=\"elementor-container elementor-column-gap-default\">\n\t\t\t\t\t<div class=\"elementor-column elementor-col-100 elementor-top-column elementor-element elementor-element-678afc55\" data-id=\"678afc55\" data-element_type=\"column\">\n\t\t\t<div class=\"elementor-widget-wrap elementor-element-populated\">\n\t\t\t\t\t\t<div class=\"elementor-element elementor-element-51571d3c elementor-widget elementor-widget-text-editor\" data-id=\"51571d3c\" data-element_type=\"widget\" data-widget_type=\"text-editor.default\">\n\t\t\t\t<div class=\"elementor-widget-container\">\n\t\t\t\t\t\t\t\t\t<p>O CEPHAS (Col\u00e9gio de Educa\u00e7\u00e3o Profissional H\u00e9lio Augusto de Souza) completa, em 2025, <strong>25 anos<\/strong> de dedica\u00e7\u00e3o \u00e0 educa\u00e7\u00e3o profissional e ao desenvolvimento humano em S\u00e3o Jos\u00e9 dos Campos. A data marca um quarto de s\u00e9culo de compromisso com a forma\u00e7\u00e3o de jovens e adultos, promovendo oportunidades por meio do ensino t\u00e9cnico de qualidade e da inser\u00e7\u00e3o no mundo do trabalho.<\/p>\n<p>Ao longo desses 25 anos, o CEPHAS consolidou-se como refer\u00eancia em educa\u00e7\u00e3o profissional, com milhares de alunos formados em cursos nas \u00e1reas de tecnologia, sa\u00fade, administra\u00e7\u00e3o, servi\u00e7os e ind\u00fastria. Com uma proposta pedag\u00f3gica inovadora e conectada com as demandas do mercado, a institui\u00e7\u00e3o mant\u00e9m parcerias estrat\u00e9gicas com empresas, \u00f3rg\u00e3os p\u00fablicos e institui\u00e7\u00f5es de ensino, fortalecendo a empregabilidade e a inclus\u00e3o social.<\/p><p>O CEPHAS reafirma, neste marco, seu compromisso com o futuro: continuar transformando vidas por meio da educa\u00e7\u00e3o profissional e contribuindo para o crescimento sustent\u00e1vel da cidade e da regi\u00e3o.<\/p>\t\t\t\t\t\t\t\t<\/div>\n\t\t\t\t<\/div>\n\t\t\t\t\t<\/div>\n\t\t<\/div>\n\t\t\t\t\t<\/div>\n\t\t<\/section>\n\t\t\t\t<section class=\"elementor-section elementor-top-section elementor-element elementor-element-930e1af elementor-section-boxed elementor-section-height-default elementor-section-height-default\" data-id=\"930e1af\" data-element_type=\"section\">\n\t\t\t\t\t\t<div class=\"elementor-container elementor-column-gap-default\">\n\t\t\t\t\t<div class=\"elementor-column elementor-col-100 elementor-top-column elementor-element elementor-element-4fac6ff\" data-id=\"4fac6ff\" data-element_type=\"column\">\n\t\t\t<div class=\"elementor-widget-wrap elementor-element-populated\">\n\t\t\t\t\t\t<div class=\"elementor-element elementor-element-4f41636 elementor-widget elementor-widget-html\" data-id=\"4f41636\" data-element_type=\"widget\" data-widget_type=\"html.default\">\n\t\t\t\t<div class=\"elementor-widget-container\">\n\t\t\t\t\t<div style=\"position: relative; width: 100%; height: 0; padding-top: 129.4118%;\n padding-bottom: 0; box-shadow: 0 2px 8px 0 rgba(63,69,81,0.16); margin-top: 1.6em; margin-bottom: 0.9em; overflow: hidden;\n border-radius: 8px; will-change: transform;\">\n  <iframe loading=\"lazy\" style=\"position: absolute; width: 100%; height: 100%; top: 0; left: 0; border: none; padding: 0;margin: 0;\"\n    src=\"https:\/\/www.canva.com\/design\/DAGm3mDTC4A\/qhslKS7sCi-MFLXSLm0PHA\/view?embed\" allowfullscreen=\"allowfullscreen\" allow=\"fullscreen\">\n  <\/iframe>\n<\/div>\n<a href=\"https:&#x2F;&#x2F;www.canva.com&#x2F;design&#x2F;DAGm3mDTC4A&#x2F;qhslKS7sCi-MFLXSLm0PHA&#x2F;view?utm_content=DAGm3mDTC4A&amp;utm_campaign=designshare&amp;utm_medium=embeds&amp;utm_source=link\" target=\"_blank\" rel=\"noopener\">CEPHAS 25 ANOS<\/a> de Marcos Machado\t\t\t\t<\/div>\n\t\t\t\t<\/div>\n\t\t\t\t\t<\/div>\n\t\t<\/div>\n\t\t\t\t\t<\/div>\n\t\t<\/section>\n\t\t\t\t<\/div>\n\t\t","protected":false},"excerpt":{"rendered":"<p>O CEPHAS (Col\u00e9gio de Educa\u00e7\u00e3o Profissional H\u00e9lio Augusto de Souza) completa, em 2025, 25 anos de dedica\u00e7\u00e3o \u00e0 educa\u00e7\u00e3o profissional e ao desenvolvimento humano em S\u00e3o Jos\u00e9 dos Campos. A data marca um quarto de s\u00e9culo de compromisso com a forma\u00e7\u00e3o de jovens e adultos, promovendo oportunidades por meio do ensino t\u00e9cnico de qualidade e [&hellip;]<\/p>\n","protected":false},"author":8,"featured_media":30,"parent":0,"menu_order":0,"comment_status":"closed","ping_status":"closed","template":"","meta":{"_acf_changed":false,"_monsterinsights_skip_tracking":false,"_monsterinsights_sitenote_active":false,"_monsterinsights_sitenote_note":"","_monsterinsights_sitenote_category":0,"footnotes":""},"class_list":["post-5222","page","type-page","status-publish","has-post-thumbnail","czr-hentry"],"acf":[],"yoast_head":"<!-- This site is optimized with the Yoast SEO plugin v26.6 - https:\/\/yoast.com\/wordpress\/plugins\/seo\/ -->\n<title>CEPHAS 25 ANOS - CEPHAS<\/title>\n<meta name=\"robots\" content=\"index, follow, max-snippet:-1, max-image-preview:large, max-video-preview:-1\" \/>\n<link rel=\"canonical\" href=\"https:\/\/cephas.org.br\/index.php\/institucional\/\" \/>\n<meta property=\"og:locale\" content=\"pt_BR\" \/>\n<meta property=\"og:type\" content=\"article\" \/>\n<meta property=\"og:title\" content=\"CEPHAS 25 ANOS - CEPHAS\" \/>\n<meta property=\"og:description\" content=\"O CEPHAS (Col\u00e9gio de Educa\u00e7\u00e3o Profissional H\u00e9lio Augusto de Souza) completa, em 2025, 25 anos de dedica\u00e7\u00e3o \u00e0 educa\u00e7\u00e3o profissional e ao desenvolvimento humano em S\u00e3o Jos\u00e9 dos Campos. A data marca um quarto de s\u00e9culo de compromisso com a forma\u00e7\u00e3o de jovens e adultos, promovendo oportunidades por meio do ensino t\u00e9cnico de qualidade e [&hellip;]\" \/>\n<meta property=\"og:url\" content=\"https:\/\/cephas.org.br\/index.php\/institucional\/\" \/>\n<meta property=\"og:site_name\" content=\"CEPHAS\" \/>\n<meta property=\"article:modified_time\" content=\"2025-06-03T17:40:51+00:00\" \/>\n<meta property=\"og:image\" content=\"http:\/\/cephas.org.br\/wp-content\/uploads\/2017\/10\/cephas.jpg\" \/>\n\t<meta property=\"og:image:width\" content=\"270\" \/>\n\t<meta property=\"og:image:height\" content=\"250\" \/>\n\t<meta property=\"og:image:type\" content=\"image\/jpeg\" \/>\n<meta name=\"twitter:card\" content=\"summary_large_image\" \/>\n<meta name=\"twitter:label1\" content=\"Est. tempo de leitura\" \/>\n\t<meta name=\"twitter:data1\" content=\"1 minuto\" \/>\n<script type=\"application\/ld+json\" class=\"yoast-schema-graph\">{\"@context\":\"https:\/\/schema.org\",\"@graph\":[{\"@type\":\"WebPage\",\"@id\":\"https:\/\/cephas.org.br\/index.php\/institucional\/\",\"url\":\"https:\/\/cephas.org.br\/index.php\/institucional\/\",\"name\":\"CEPHAS 25 ANOS - CEPHAS\",\"isPartOf\":{\"@id\":\"https:\/\/cephas.org.br\/#website\"},\"primaryImageOfPage\":{\"@id\":\"https:\/\/cephas.org.br\/index.php\/institucional\/#primaryimage\"},\"image\":{\"@id\":\"https:\/\/cephas.org.br\/index.php\/institucional\/#primaryimage\"},\"thumbnailUrl\":\"https:\/\/cephas.org.br\/wp-content\/uploads\/2017\/10\/cephas.jpg\",\"datePublished\":\"2025-05-29T14:39:37+00:00\",\"dateModified\":\"2025-06-03T17:40:51+00:00\",\"breadcrumb\":{\"@id\":\"https:\/\/cephas.org.br\/index.php\/institucional\/#breadcrumb\"},\"inLanguage\":\"pt-BR\",\"potentialAction\":[{\"@type\":\"ReadAction\",\"target\":[\"https:\/\/cephas.org.br\/index.php\/institucional\/\"]}]},{\"@type\":\"ImageObject\",\"inLanguage\":\"pt-BR\",\"@id\":\"https:\/\/cephas.org.br\/index.php\/institucional\/#primaryimage\",\"url\":\"https:\/\/cephas.org.br\/wp-content\/uploads\/2017\/10\/cephas.jpg\",\"contentUrl\":\"https:\/\/cephas.org.br\/wp-content\/uploads\/2017\/10\/cephas.jpg\",\"width\":270,\"height\":250},{\"@type\":\"BreadcrumbList\",\"@id\":\"https:\/\/cephas.org.br\/index.php\/institucional\/#breadcrumb\",\"itemListElement\":[{\"@type\":\"ListItem\",\"position\":1,\"name\":\"In\u00edcio\",\"item\":\"https:\/\/cephas.org.br\/\"},{\"@type\":\"ListItem\",\"position\":2,\"name\":\"CEPHAS 25 ANOS\"}]},{\"@type\":\"WebSite\",\"@id\":\"https:\/\/cephas.org.br\/#website\",\"url\":\"https:\/\/cephas.org.br\/\",\"name\":\"CEPHAS\",\"description\":\"\",\"publisher\":{\"@id\":\"https:\/\/cephas.org.br\/#organization\"},\"potentialAction\":[{\"@type\":\"SearchAction\",\"target\":{\"@type\":\"EntryPoint\",\"urlTemplate\":\"https:\/\/cephas.org.br\/?s={search_term_string}\"},\"query-input\":{\"@type\":\"PropertyValueSpecification\",\"valueRequired\":true,\"valueName\":\"search_term_string\"}}],\"inLanguage\":\"pt-BR\"},{\"@type\":\"Organization\",\"@id\":\"https:\/\/cephas.org.br\/#organization\",\"name\":\"CEPHAS\",\"url\":\"https:\/\/cephas.org.br\/\",\"logo\":{\"@type\":\"ImageObject\",\"inLanguage\":\"pt-BR\",\"@id\":\"https:\/\/cephas.org.br\/#\/schema\/logo\/image\/\",\"url\":\"https:\/\/cephas.org.br\/wp-content\/uploads\/2023\/10\/cropped-Assinaturas_CephasFundhas_Pref_Novo-10_Cor-small.png\",\"contentUrl\":\"https:\/\/cephas.org.br\/wp-content\/uploads\/2023\/10\/cropped-Assinaturas_CephasFundhas_Pref_Novo-10_Cor-small.png\",\"width\":812,\"height\":90,\"caption\":\"CEPHAS\"},\"image\":{\"@id\":\"https:\/\/cephas.org.br\/#\/schema\/logo\/image\/\"}}]}<\/script>\n<!-- \/ Yoast SEO plugin. -->","yoast_head_json":{"title":"CEPHAS 25 ANOS - CEPHAS","robots":{"index":"index","follow":"follow","max-snippet":"max-snippet:-1","max-image-preview":"max-image-preview:large","max-video-preview":"max-video-preview:-1"},"canonical":"https:\/\/cephas.org.br\/index.php\/institucional\/","og_locale":"pt_BR","og_type":"article","og_title":"CEPHAS 25 ANOS - CEPHAS","og_description":"O CEPHAS (Col\u00e9gio de Educa\u00e7\u00e3o Profissional H\u00e9lio Augusto de Souza) completa, em 2025, 25 anos de dedica\u00e7\u00e3o \u00e0 educa\u00e7\u00e3o profissional e ao desenvolvimento humano em S\u00e3o Jos\u00e9 dos Campos. A data marca um quarto de s\u00e9culo de compromisso com a forma\u00e7\u00e3o de jovens e adultos, promovendo oportunidades por meio do ensino t\u00e9cnico de qualidade e [&hellip;]","og_url":"https:\/\/cephas.org.br\/index.php\/institucional\/","og_site_name":"CEPHAS","article_modified_time":"2025-06-03T17:40:51+00:00","og_image":[{"width":270,"height":250,"url":"http:\/\/cephas.org.br\/wp-content\/uploads\/2017\/10\/cephas.jpg","type":"image\/jpeg"}],"twitter_card":"summary_large_image","twitter_misc":{"Est. tempo de leitura":"1 minuto"},"schema":{"@context":"https:\/\/schema.org","@graph":[{"@type":"WebPage","@id":"https:\/\/cephas.org.br\/index.php\/institucional\/","url":"https:\/\/cephas.org.br\/index.php\/institucional\/","name":"CEPHAS 25 ANOS - CEPHAS","isPartOf":{"@id":"https:\/\/cephas.org.br\/#website"},"primaryImageOfPage":{"@id":"https:\/\/cephas.org.br\/index.php\/institucional\/#primaryimage"},"image":{"@id":"https:\/\/cephas.org.br\/index.php\/institucional\/#primaryimage"},"thumbnailUrl":"https:\/\/cephas.org.br\/wp-content\/uploads\/2017\/10\/cephas.jpg","datePublished":"2025-05-29T14:39:37+00:00","dateModified":"2025-06-03T17:40:51+00:00","breadcrumb":{"@id":"https:\/\/cephas.org.br\/index.php\/institucional\/#breadcrumb"},"inLanguage":"pt-BR","potentialAction":[{"@type":"ReadAction","target":["https:\/\/cephas.org.br\/index.php\/institucional\/"]}]},{"@type":"ImageObject","inLanguage":"pt-BR","@id":"https:\/\/cephas.org.br\/index.php\/institucional\/#primaryimage","url":"https:\/\/cephas.org.br\/wp-content\/uploads\/2017\/10\/cephas.jpg","contentUrl":"https:\/\/cephas.org.br\/wp-content\/uploads\/2017\/10\/cephas.jpg","width":270,"height":250},{"@type":"BreadcrumbList","@id":"https:\/\/cephas.org.br\/index.php\/institucional\/#breadcrumb","itemListElement":[{"@type":"ListItem","position":1,"name":"In\u00edcio","item":"https:\/\/cephas.org.br\/"},{"@type":"ListItem","position":2,"name":"CEPHAS 25 ANOS"}]},{"@type":"WebSite","@id":"https:\/\/cephas.org.br\/#website","url":"https:\/\/cephas.org.br\/","name":"CEPHAS","description":"","publisher":{"@id":"https:\/\/cephas.org.br\/#organization"},"potentialAction":[{"@type":"SearchAction","target":{"@type":"EntryPoint","urlTemplate":"https:\/\/cephas.org.br\/?s={search_term_string}"},"query-input":{"@type":"PropertyValueSpecification","valueRequired":true,"valueName":"search_term_string"}}],"inLanguage":"pt-BR"},{"@type":"Organization","@id":"https:\/\/cephas.org.br\/#organization","name":"CEPHAS","url":"https:\/\/cephas.org.br\/","logo":{"@type":"ImageObject","inLanguage":"pt-BR","@id":"https:\/\/cephas.org.br\/#\/schema\/logo\/image\/","url":"https:\/\/cephas.org.br\/wp-content\/uploads\/2023\/10\/cropped-Assinaturas_CephasFundhas_Pref_Novo-10_Cor-small.png","contentUrl":"https:\/\/cephas.org.br\/wp-content\/uploads\/2023\/10\/cropped-Assinaturas_CephasFundhas_Pref_Novo-10_Cor-small.png","width":812,"height":90,"caption":"CEPHAS"},"image":{"@id":"https:\/\/cephas.org.br\/#\/schema\/logo\/image\/"}}]}},"_links":{"self":[{"href":"https:\/\/cephas.org.br\/index.php\/wp-json\/wp\/v2\/pages\/5222","targetHints":{"allow":["GET"]}}],"collection":[{"href":"https:\/\/cephas.org.br\/index.php\/wp-json\/wp\/v2\/pages"}],"about":[{"href":"https:\/\/cephas.org.br\/index.php\/wp-json\/wp\/v2\/types\/page"}],"author":[{"embeddable":true,"href":"https:\/\/cephas.org.br\/index.php\/wp-json\/wp\/v2\/users\/8"}],"replies":[{"embeddable":true,"href":"https:\/\/cephas.org.br\/index.php\/wp-json\/wp\/v2\/comments?post=5222"}],"version-history":[{"count":17,"href":"https:\/\/cephas.org.br\/index.php\/wp-json\/wp\/v2\/pages\/5222\/revisions"}],"predecessor-version":[{"id":5273,"href":"https:\/\/cephas.org.br\/index.php\/wp-json\/wp\/v2\/pages\/5222\/revisions\/5273"}],"wp:featuredmedia":[{"embeddable":true,"href":"https:\/\/cephas.org.br\/index.php\/wp-json\/wp\/v2\/media\/30"}],"wp:attachment":[{"href":"https:\/\/cephas.org.br\/index.php\/wp-json\/wp\/v2\/media?parent=5222"}],"curies":[{"name":"wp","href":"https:\/\/api.w.org\/{rel}","templated":true}]}}