{"id":19,"date":"2017-10-19T15:46:53","date_gmt":"2017-10-19T15:46:53","guid":{"rendered":"http:\/\/cephas.org.br\/paraaprovacao2017\/?page_id=19"},"modified":"2023-08-08T17:05:07","modified_gmt":"2023-08-08T20:05:07","slug":"19-2","status":"publish","type":"page","link":"https:\/\/cephas.org.br\/index.php\/19-2\/","title":{"rendered":"Programas"},"content":{"rendered":"<p>Uma das finalidades do CEPHAS \u00e9 desenvolver oportunidades de empregabilidade para os Alunos dos Cursos T\u00e9cnicos e para os Jovens Aprendiz.&nbsp;Para tanto, a institui\u00e7\u00e3o busca, por meio de estrat\u00e9gias e a\u00e7\u00f5es inovadoras busca estabelecer parcerias, assim como, o fortalecimento das rela\u00e7\u00f5es institucionais com institui\u00e7\u00f5es p\u00fablicas e privadas, ampliando o acesso ao mercado de trabalho dos nossos atendidos.<\/p>\n<p><b>O CEPHAS possui dois programas para melhor atender aos parceiros, o Programa Est\u00e1gio e o Programa Jovem Aprendiz.<\/b><\/p>\n<p><b>O Programa&nbsp;Est\u00e1gio CEPHAS&nbsp;<\/b>ocorre por meio do encaminhamento de adolescentes, estudantes dos cursos t\u00e9cnicos, para&nbsp;empresas conveniadas, onde realizam atividades pr\u00e1ticas relacionadas ao conhecimento espec\u00edfico que obt\u00eam durante sua forma\u00e7\u00e3o nos cursos t\u00e9cnicos oferecidos pelo CEPHAS.<\/p>\n<div class=\"m_2256295332706347867gmail-O1\">\u2022Administra\u00e7\u00e3o<\/div>\n<div class=\"m_2256295332706347867gmail-O1\">\u2022Mec\u00e2nica<\/div>\n<div class=\"m_2256295332706347867gmail-O1\">\u2022Mec\u00e2nica de Manuten\u00e7\u00e3o Aeron\u00e1utica<\/div>\n<div class=\"m_2256295332706347867gmail-O1\">\u2022Qu\u00edmica<\/div>\n<div class=\"m_2256295332706347867gmail-O1\">\u2022Edifica\u00e7\u00f5es<\/div>\n<div class=\"m_2256295332706347867gmail-O1\">\u2022Eletr\u00f4nica<\/div>\n<div class=\"m_2256295332706347867gmail-O1\">\u2022Enfermagem<\/div>\n<div class=\"m_2256295332706347867gmail-O1\">\u2022Hospedagem<\/div>\n<p>Concomitante \u00e0 pr\u00e1tica, o estudante frequenta aulas te\u00f3ricas com carga hor\u00e1ria e conte\u00fados de aprendizagens definidos pela Lei de&nbsp;Est\u00e1gio,&nbsp;n.\u00ba&nbsp;11.788\/08&nbsp;de 19\/12\/00.<\/p>\n<p><b>O&nbsp;<\/b><b>Programa&nbsp; Aprendiz CEPHAS<\/b>&nbsp;ocorre por meio da parceria e do encaminhamento de adolescentes&nbsp;&nbsp;(de 16 a 19 anos)&nbsp; para&nbsp;empresas conveniadas, onde realizam atividades pr\u00e1ticas relacionadas ao conhecimento espec\u00edfico que obtiveram junto \u00e0s oficinas e cursos oferecidos pela FUNDHAS.<\/p>\n<div>\u2022Assistente Administrativo<\/div>\n<div>\u2022Recep\u00e7\u00e3o<\/div>\n<div>\u2022Assistente de Log\u00edstica<\/div>\n<div>\u2022Almoxarife<\/div>\n<div>\u2022Vendedor de Com\u00e9rcio Varejista<\/div>\n<div>\u2022Assistente de Produ\u00e7\u00e3o<\/div>\n<div>\u2022Agente Cultural<\/div>\n<p>Concomitante \u00e0 pr\u00e1tica, o adolescente frequenta aulas te\u00f3ricas com carga hor\u00e1ria e conte\u00fados de aprendizagens definidos pela Lei de Aprendizagem, n.\u00ba 10.097\/00 de 19\/12\/00.<\/p>\n<h4>Maiores informa\u00e7\u00f5es entre em contato:<\/h4>\n<p>Telefone: 012 3934-1995<\/p>\n","protected":false},"excerpt":{"rendered":"<p>Uma das finalidades do CEPHAS \u00e9 desenvolver oportunidades de empregabilidade para os Alunos dos Cursos T\u00e9cnicos e para os Jovens Aprendiz.&nbsp;Para tanto, a institui\u00e7\u00e3o busca, por meio de estrat\u00e9gias e a\u00e7\u00f5es inovadoras busca estabelecer parcerias, assim como, o fortalecimento das rela\u00e7\u00f5es institucionais com institui\u00e7\u00f5es p\u00fablicas e privadas, ampliando o acesso ao mercado de trabalho dos [&hellip;]<\/p>\n","protected":false},"author":12,"featured_media":28,"parent":0,"menu_order":0,"comment_status":"closed","ping_status":"closed","template":"","meta":{"_acf_changed":false,"_monsterinsights_skip_tracking":false,"_monsterinsights_sitenote_active":false,"_monsterinsights_sitenote_note":"","_monsterinsights_sitenote_category":0,"footnotes":""},"class_list":["post-19","page","type-page","status-publish","has-post-thumbnail","czr-hentry"],"acf":[],"yoast_head":"<!-- This site is optimized with the Yoast SEO plugin v26.6 - https:\/\/yoast.com\/wordpress\/plugins\/seo\/ -->\n<title>Programas - CEPHAS<\/title>\n<meta name=\"robots\" content=\"index, follow, max-snippet:-1, max-image-preview:large, max-video-preview:-1\" \/>\n<link rel=\"canonical\" href=\"https:\/\/cephas.org.br\/index.php\/19-2\/\" \/>\n<meta property=\"og:locale\" content=\"pt_BR\" \/>\n<meta property=\"og:type\" content=\"article\" \/>\n<meta property=\"og:title\" content=\"Programas - CEPHAS\" \/>\n<meta property=\"og:description\" content=\"Uma das finalidades do CEPHAS \u00e9 desenvolver oportunidades de empregabilidade para os Alunos dos Cursos T\u00e9cnicos e para os Jovens Aprendiz.&nbsp;Para tanto, a institui\u00e7\u00e3o busca, por meio de estrat\u00e9gias e a\u00e7\u00f5es inovadoras busca estabelecer parcerias, assim como, o fortalecimento das rela\u00e7\u00f5es institucionais com institui\u00e7\u00f5es p\u00fablicas e privadas, ampliando o acesso ao mercado de trabalho dos [&hellip;]\" \/>\n<meta property=\"og:url\" content=\"https:\/\/cephas.org.br\/index.php\/19-2\/\" \/>\n<meta property=\"og:site_name\" content=\"CEPHAS\" \/>\n<meta property=\"article:modified_time\" content=\"2023-08-08T20:05:07+00:00\" \/>\n<meta property=\"og:image\" content=\"http:\/\/cephas.org.br\/wp-content\/uploads\/2017\/10\/Projetos-e-Parcerias.jpg\" \/>\n\t<meta property=\"og:image:width\" content=\"270\" \/>\n\t<meta property=\"og:image:height\" content=\"250\" \/>\n\t<meta property=\"og:image:type\" content=\"image\/jpeg\" \/>\n<meta name=\"twitter:card\" content=\"summary_large_image\" \/>\n<meta name=\"twitter:label1\" content=\"Est. tempo de leitura\" \/>\n\t<meta name=\"twitter:data1\" content=\"2 minutos\" \/>\n<script type=\"application\/ld+json\" class=\"yoast-schema-graph\">{\"@context\":\"https:\/\/schema.org\",\"@graph\":[{\"@type\":\"WebPage\",\"@id\":\"https:\/\/cephas.org.br\/index.php\/19-2\/\",\"url\":\"https:\/\/cephas.org.br\/index.php\/19-2\/\",\"name\":\"Programas - CEPHAS\",\"isPartOf\":{\"@id\":\"https:\/\/cephas.org.br\/#website\"},\"primaryImageOfPage\":{\"@id\":\"https:\/\/cephas.org.br\/index.php\/19-2\/#primaryimage\"},\"image\":{\"@id\":\"https:\/\/cephas.org.br\/index.php\/19-2\/#primaryimage\"},\"thumbnailUrl\":\"https:\/\/cephas.org.br\/wp-content\/uploads\/2017\/10\/Projetos-e-Parcerias.jpg\",\"datePublished\":\"2017-10-19T15:46:53+00:00\",\"dateModified\":\"2023-08-08T20:05:07+00:00\",\"breadcrumb\":{\"@id\":\"https:\/\/cephas.org.br\/index.php\/19-2\/#breadcrumb\"},\"inLanguage\":\"pt-BR\",\"potentialAction\":[{\"@type\":\"ReadAction\",\"target\":[\"https:\/\/cephas.org.br\/index.php\/19-2\/\"]}]},{\"@type\":\"ImageObject\",\"inLanguage\":\"pt-BR\",\"@id\":\"https:\/\/cephas.org.br\/index.php\/19-2\/#primaryimage\",\"url\":\"https:\/\/cephas.org.br\/wp-content\/uploads\/2017\/10\/Projetos-e-Parcerias.jpg\",\"contentUrl\":\"https:\/\/cephas.org.br\/wp-content\/uploads\/2017\/10\/Projetos-e-Parcerias.jpg\",\"width\":270,\"height\":250},{\"@type\":\"BreadcrumbList\",\"@id\":\"https:\/\/cephas.org.br\/index.php\/19-2\/#breadcrumb\",\"itemListElement\":[{\"@type\":\"ListItem\",\"position\":1,\"name\":\"In\u00edcio\",\"item\":\"https:\/\/cephas.org.br\/\"},{\"@type\":\"ListItem\",\"position\":2,\"name\":\"Programas\"}]},{\"@type\":\"WebSite\",\"@id\":\"https:\/\/cephas.org.br\/#website\",\"url\":\"https:\/\/cephas.org.br\/\",\"name\":\"CEPHAS\",\"description\":\"\",\"publisher\":{\"@id\":\"https:\/\/cephas.org.br\/#organization\"},\"potentialAction\":[{\"@type\":\"SearchAction\",\"target\":{\"@type\":\"EntryPoint\",\"urlTemplate\":\"https:\/\/cephas.org.br\/?s={search_term_string}\"},\"query-input\":{\"@type\":\"PropertyValueSpecification\",\"valueRequired\":true,\"valueName\":\"search_term_string\"}}],\"inLanguage\":\"pt-BR\"},{\"@type\":\"Organization\",\"@id\":\"https:\/\/cephas.org.br\/#organization\",\"name\":\"CEPHAS\",\"url\":\"https:\/\/cephas.org.br\/\",\"logo\":{\"@type\":\"ImageObject\",\"inLanguage\":\"pt-BR\",\"@id\":\"https:\/\/cephas.org.br\/#\/schema\/logo\/image\/\",\"url\":\"https:\/\/cephas.org.br\/wp-content\/uploads\/2023\/10\/cropped-Assinaturas_CephasFundhas_Pref_Novo-10_Cor-small.png\",\"contentUrl\":\"https:\/\/cephas.org.br\/wp-content\/uploads\/2023\/10\/cropped-Assinaturas_CephasFundhas_Pref_Novo-10_Cor-small.png\",\"width\":812,\"height\":90,\"caption\":\"CEPHAS\"},\"image\":{\"@id\":\"https:\/\/cephas.org.br\/#\/schema\/logo\/image\/\"}}]}<\/script>\n<!-- \/ Yoast SEO plugin. -->","yoast_head_json":{"title":"Programas - CEPHAS","robots":{"index":"index","follow":"follow","max-snippet":"max-snippet:-1","max-image-preview":"max-image-preview:large","max-video-preview":"max-video-preview:-1"},"canonical":"https:\/\/cephas.org.br\/index.php\/19-2\/","og_locale":"pt_BR","og_type":"article","og_title":"Programas - CEPHAS","og_description":"Uma das finalidades do CEPHAS \u00e9 desenvolver oportunidades de empregabilidade para os Alunos dos Cursos T\u00e9cnicos e para os Jovens Aprendiz.&nbsp;Para tanto, a institui\u00e7\u00e3o busca, por meio de estrat\u00e9gias e a\u00e7\u00f5es inovadoras busca estabelecer parcerias, assim como, o fortalecimento das rela\u00e7\u00f5es institucionais com institui\u00e7\u00f5es p\u00fablicas e privadas, ampliando o acesso ao mercado de trabalho dos [&hellip;]","og_url":"https:\/\/cephas.org.br\/index.php\/19-2\/","og_site_name":"CEPHAS","article_modified_time":"2023-08-08T20:05:07+00:00","og_image":[{"width":270,"height":250,"url":"http:\/\/cephas.org.br\/wp-content\/uploads\/2017\/10\/Projetos-e-Parcerias.jpg","type":"image\/jpeg"}],"twitter_card":"summary_large_image","twitter_misc":{"Est. tempo de leitura":"2 minutos"},"schema":{"@context":"https:\/\/schema.org","@graph":[{"@type":"WebPage","@id":"https:\/\/cephas.org.br\/index.php\/19-2\/","url":"https:\/\/cephas.org.br\/index.php\/19-2\/","name":"Programas - CEPHAS","isPartOf":{"@id":"https:\/\/cephas.org.br\/#website"},"primaryImageOfPage":{"@id":"https:\/\/cephas.org.br\/index.php\/19-2\/#primaryimage"},"image":{"@id":"https:\/\/cephas.org.br\/index.php\/19-2\/#primaryimage"},"thumbnailUrl":"https:\/\/cephas.org.br\/wp-content\/uploads\/2017\/10\/Projetos-e-Parcerias.jpg","datePublished":"2017-10-19T15:46:53+00:00","dateModified":"2023-08-08T20:05:07+00:00","breadcrumb":{"@id":"https:\/\/cephas.org.br\/index.php\/19-2\/#breadcrumb"},"inLanguage":"pt-BR","potentialAction":[{"@type":"ReadAction","target":["https:\/\/cephas.org.br\/index.php\/19-2\/"]}]},{"@type":"ImageObject","inLanguage":"pt-BR","@id":"https:\/\/cephas.org.br\/index.php\/19-2\/#primaryimage","url":"https:\/\/cephas.org.br\/wp-content\/uploads\/2017\/10\/Projetos-e-Parcerias.jpg","contentUrl":"https:\/\/cephas.org.br\/wp-content\/uploads\/2017\/10\/Projetos-e-Parcerias.jpg","width":270,"height":250},{"@type":"BreadcrumbList","@id":"https:\/\/cephas.org.br\/index.php\/19-2\/#breadcrumb","itemListElement":[{"@type":"ListItem","position":1,"name":"In\u00edcio","item":"https:\/\/cephas.org.br\/"},{"@type":"ListItem","position":2,"name":"Programas"}]},{"@type":"WebSite","@id":"https:\/\/cephas.org.br\/#website","url":"https:\/\/cephas.org.br\/","name":"CEPHAS","description":"","publisher":{"@id":"https:\/\/cephas.org.br\/#organization"},"potentialAction":[{"@type":"SearchAction","target":{"@type":"EntryPoint","urlTemplate":"https:\/\/cephas.org.br\/?s={search_term_string}"},"query-input":{"@type":"PropertyValueSpecification","valueRequired":true,"valueName":"search_term_string"}}],"inLanguage":"pt-BR"},{"@type":"Organization","@id":"https:\/\/cephas.org.br\/#organization","name":"CEPHAS","url":"https:\/\/cephas.org.br\/","logo":{"@type":"ImageObject","inLanguage":"pt-BR","@id":"https:\/\/cephas.org.br\/#\/schema\/logo\/image\/","url":"https:\/\/cephas.org.br\/wp-content\/uploads\/2023\/10\/cropped-Assinaturas_CephasFundhas_Pref_Novo-10_Cor-small.png","contentUrl":"https:\/\/cephas.org.br\/wp-content\/uploads\/2023\/10\/cropped-Assinaturas_CephasFundhas_Pref_Novo-10_Cor-small.png","width":812,"height":90,"caption":"CEPHAS"},"image":{"@id":"https:\/\/cephas.org.br\/#\/schema\/logo\/image\/"}}]}},"_links":{"self":[{"href":"https:\/\/cephas.org.br\/index.php\/wp-json\/wp\/v2\/pages\/19","targetHints":{"allow":["GET"]}}],"collection":[{"href":"https:\/\/cephas.org.br\/index.php\/wp-json\/wp\/v2\/pages"}],"about":[{"href":"https:\/\/cephas.org.br\/index.php\/wp-json\/wp\/v2\/types\/page"}],"author":[{"embeddable":true,"href":"https:\/\/cephas.org.br\/index.php\/wp-json\/wp\/v2\/users\/12"}],"replies":[{"embeddable":true,"href":"https:\/\/cephas.org.br\/index.php\/wp-json\/wp\/v2\/comments?post=19"}],"version-history":[{"count":10,"href":"https:\/\/cephas.org.br\/index.php\/wp-json\/wp\/v2\/pages\/19\/revisions"}],"predecessor-version":[{"id":3765,"href":"https:\/\/cephas.org.br\/index.php\/wp-json\/wp\/v2\/pages\/19\/revisions\/3765"}],"wp:featuredmedia":[{"embeddable":true,"href":"https:\/\/cephas.org.br\/index.php\/wp-json\/wp\/v2\/media\/28"}],"wp:attachment":[{"href":"https:\/\/cephas.org.br\/index.php\/wp-json\/wp\/v2\/media?parent=19"}],"curies":[{"name":"wp","href":"https:\/\/api.w.org\/{rel}","templated":true}]}}